{"id":133594,"date":"2026-03-13T00:55:40","date_gmt":"2026-03-13T00:55:40","guid":{"rendered":"https:\/\/wallcorners.com\/index.php\/product\/la-reunion-reunion-island-france-traveling-poster-canvas-printing-natural-landscape-la-reunion-wall-decor-hotel-room-wall-decor\/"},"modified":"2026-03-13T02:34:06","modified_gmt":"2026-03-13T02:34:06","slug":"la-reunion-reunion-island-france-traveling-poster-canvas-printing-natural-landscape-la-reunion-wall-decor-hotel-room-wall-decor","status":"publish","type":"product","link":"https:\/\/wallcorners.com\/index.php\/product\/la-reunion-reunion-island-france-traveling-poster-canvas-printing-natural-landscape-la-reunion-wall-decor-hotel-room-wall-decor\/","title":{"rendered":"La R\u00e9union Reunion Island France Traveling Poster Canvas Printing Natural Landscape La R\u00e9union Wall Decor Hotel Room Wall Decor"},"content":{"rendered":"","protected":false},"excerpt":{"rendered":"<p>Buy La R\u00e9union Reunion Island France Traveling Poster Canvas Printing Natural Landscape La R\u00e9union Wall Decor Hotel Room Wall Decor at Aliexpress for . Find more 15, 1704 and  products. Enjoy \u2713Free Shipping Worldwide! \u2713Limited Time Sale \u2713Easy Return. <\/p>\n","protected":false},"featured_media":133544,"comment_status":"open","ping_status":"closed","template":"","meta":[],"product_brand":[],"product_cat":[57],"product_tag":[],"class_list":{"0":"post-133594","1":"product","2":"type-product","3":"status-publish","4":"has-post-thumbnail","6":"product_cat-landscapes","8":"first","9":"instock","10":"sale","11":"shipping-taxable","12":"purchasable","13":"product-type-variable"},"_links":{"self":[{"href":"https:\/\/wallcorners.com\/index.php\/wp-json\/wp\/v2\/product\/133594","targetHints":{"allow":["GET"]}}],"collection":[{"href":"https:\/\/wallcorners.com\/index.php\/wp-json\/wp\/v2\/product"}],"about":[{"href":"https:\/\/wallcorners.com\/index.php\/wp-json\/wp\/v2\/types\/product"}],"replies":[{"embeddable":true,"href":"https:\/\/wallcorners.com\/index.php\/wp-json\/wp\/v2\/comments?post=133594"}],"wp:featuredmedia":[{"embeddable":true,"href":"https:\/\/wallcorners.com\/index.php\/wp-json\/wp\/v2\/media\/133544"}],"wp:attachment":[{"href":"https:\/\/wallcorners.com\/index.php\/wp-json\/wp\/v2\/media?parent=133594"}],"wp:term":[{"taxonomy":"product_brand","embeddable":true,"href":"https:\/\/wallcorners.com\/index.php\/wp-json\/wp\/v2\/product_brand?post=133594"},{"taxonomy":"product_cat","embeddable":true,"href":"https:\/\/wallcorners.com\/index.php\/wp-json\/wp\/v2\/product_cat?post=133594"},{"taxonomy":"product_tag","embeddable":true,"href":"https:\/\/wallcorners.com\/index.php\/wp-json\/wp\/v2\/product_tag?post=133594"}],"curies":[{"name":"wp","href":"https:\/\/api.w.org\/{rel}","templated":true}]}}